{"id":2,"date":"2020-05-31T15:25:58","date_gmt":"2020-05-31T12:25:58","guid":{"rendered":"http:\/\/www.musallatbilim.com\/?page_id=2"},"modified":"2020-11-23T13:17:13","modified_gmt":"2020-11-23T10:17:13","slug":"ornek-sayfa","status":"publish","type":"page","link":"https:\/\/www.musallatbilim.com\/","title":{"rendered":""},"content":{"rendered":"\n<p>Musallat Bilim, sosyolojinin, antropolojinin, tarihin ve g\u00f6rsel sanatlar\u0131n sundu\u011fu ara\u00e7larla hayaletlerin, hortlaklar\u0131n ve musallat olan ruhlar\u0131n bug\u00fcn\u00fc anlamam\u0131z\u0131 sa\u011flayan potansiyellerine kap\u0131 aralamak i\u00e7in ortaya \u00e7\u0131kt\u0131. Arkeolojik bir bak\u0131\u015fla, felaketlerin izini s\u00fcrmek i\u00e7in, kaz\u0131yor ve iz s\u00fcr\u00fcyor\u2026<\/p>\n","protected":false},"excerpt":{"rendered":"<p>Musallat Bilim, sosyolojinin, antropolojinin, tarihin ve g\u00f6rsel sanatlar\u0131n sundu\u011fu ara\u00e7larla hayaletlerin, hortlaklar\u0131n ve musallat olan ruhlar\u0131n bug\u00fcn\u00fc anlamam\u0131z\u0131 sa\u011flayan potansiyellerine kap\u0131 aralamak i\u00e7in ortaya \u00e7\u0131kt\u0131. Arkeolojik bir bak\u0131\u015fla, felaketlerin izini s\u00fcrmek i\u00e7in, kaz\u0131yor ve iz s\u00fcr\u00fcyor\u2026<\/p>\n","protected":false},"author":1,"featured_media":0,"parent":0,"menu_order":0,"comment_status":"closed","ping_status":"open","template":"","meta":{"footnotes":""},"_links":{"self":[{"href":"https:\/\/www.musallatbilim.com\/index.php\/wp-json\/wp\/v2\/pages\/2"}],"collection":[{"href":"https:\/\/www.musallatbilim.com\/index.php\/wp-json\/wp\/v2\/pages"}],"about":[{"href":"https:\/\/www.musallatbilim.com\/index.php\/wp-json\/wp\/v2\/types\/page"}],"author":[{"embeddable":true,"href":"https:\/\/www.musallatbilim.com\/index.php\/wp-json\/wp\/v2\/users\/1"}],"replies":[{"embeddable":true,"href":"https:\/\/www.musallatbilim.com\/index.php\/wp-json\/wp\/v2\/comments?post=2"}],"version-history":[{"count":6,"href":"https:\/\/www.musallatbilim.com\/index.php\/wp-json\/wp\/v2\/pages\/2\/revisions"}],"predecessor-version":[{"id":97,"href":"https:\/\/www.musallatbilim.com\/index.php\/wp-json\/wp\/v2\/pages\/2\/revisions\/97"}],"wp:attachment":[{"href":"https:\/\/www.musallatbilim.com\/index.php\/wp-json\/wp\/v2\/media?parent=2"}],"curies":[{"name":"wp","href":"https:\/\/api.w.org\/{rel}","templated":true}]}}